{"id":95295,"date":"2025-07-29T17:07:03","date_gmt":"2025-07-29T15:07:03","guid":{"rendered":"https:\/\/about.seeyou-media.com\/estamos-construyendo-algo-bonito\/"},"modified":"2025-12-03T09:25:20","modified_gmt":"2025-12-03T08:25:20","slug":"estamos-construyendo-algo-bonito","status":"publish","type":"page","link":"https:\/\/about.seeyou-media.com\/es\/estamos-construyendo-algo-bonito\/","title":{"rendered":"Estamos construyendo algo bonito!"},"content":{"rendered":"<p>[et_pb_section fb_built=\u00bb1&#8243; _builder_version=\u00bb4.27.4&#8243; _module_preset=\u00bbdefault\u00bb custom_padding=\u00bb||5px|||\u00bb global_colors_info=\u00bb{}\u00bb][et_pb_row column_structure=\u00bb2_5,3_5&#8243; make_equal=\u00bbon\u00bb _builder_version=\u00bb4.27.4&#8243; _module_preset=\u00bbdefault\u00bb custom_css_main_element=\u00bbalign-items:center;\u00bb global_colors_info=\u00bb{}\u00bb][et_pb_column type=\u00bb2_5&#8243; _builder_version=\u00bb4.27.4&#8243; _module_preset=\u00bbdefault\u00bb global_colors_info=\u00bb{}\u00bb][et_pb_image src=\u00bbhttps:\/\/about.seeyou-media.com\/wp-content\/uploads\/2025\/07\/Karikatuur-1.png\u00bb title_text=\u00bbCaricatura (1)\u00bb disabled_on=\u00bbon|on|off\u00bb _builder_version=\u00bb4.27.4&#8243; _module_preset=\u00bbdefault\u00bb global_colors_info=\u00bb{}\u00bb][\/et_pb_image][\/et_pb_column][et_pb_column type=\u00bb3_5&#8243; _builder_version=\u00bb4.27.4&#8243; _module_preset=\u00bbdefault\u00bb global_colors_info=\u00bb{}\u00bb][et_pb_image src=\u00bbhttps:\/\/about.seeyou-media.com\/wp-content\/uploads\/2025\/09\/seeyou-gifts.png\u00bb title_text=\u00bbregalos seeyou\u00bb _builder_version=\u00bb4.27.4&#8243; _module_preset=\u00bbdefault\u00bb global_colors_info=\u00bb{}\u00bb][\/et_pb_image][et_pb_text _builder_version=\u00bb4.27.4&#8243; _module_preset=\u00bbdefault\u00bb text_font=\u00bbPoppins||||||||\u00bb text_text_color=\u00bb#507D68&#8243; text_font_size=\u00bb16px\u00bb hover_enabled=\u00bb0&#8243; global_colors_info=\u00bb{}\u00bb sticky_enabled=\u00bb0&#8243;]<\/p>\n<p><strong>SeeYou Gifts<\/strong>!<\/p>\n<p>En este momento estamos trabajando en una nueva tienda online para regalos de empresa \u2013 m\u00e1s clara, m\u00e1s r\u00e1pida y completamente actualizada.<\/p>\n<p>Pero mientras tanto, no nos quedamos quietos. Puedes seguir encargando regalos de empresa y productos como siempre.<br \/>\u00bfTienes alguna pregunta o quieres encargar algo? No dudes en ponerte en contacto con nosotros. Estaremos encantados de pensar junto contigo.<\/p>\n<p>Tel\u00e9fono oficina Espa\u00f1a: +34 744 78 0762<br \/>Tel\u00e9fono oficina Pa\u00edses Bajos: +31 314 700 585<\/p>\n<p>\u00a1Juntos haremos algo bonito!<\/p>\n<p>[\/et_pb_text][et_pb_image src=\u00bbhttps:\/\/about.seeyou-media.com\/wp-content\/uploads\/2025\/07\/Karikatuur-1.png\u00bb title_text=\u00bbCaricatura (1)\u00bb disabled_on=\u00bboff|off|on\u00bb _builder_version=\u00bb4.27.4&#8243; _module_preset=\u00bbdefault\u00bb global_colors_info=\u00bb{}\u00bb][\/et_pb_image][\/et_pb_column][\/et_pb_row][\/et_pb_section]<\/p>\n","protected":false},"excerpt":{"rendered":"<p>SeeYou Gifts! En este momento estamos trabajando en una nueva tienda online para regalos de empresa \u2013 m\u00e1s clara, m\u00e1s r\u00e1pida y completamente actualizada. Pero mientras tanto, no nos quedamos quietos. Puedes seguir encargando regalos de empresa y productos como siempre.\u00bfTienes alguna pregunta o quieres encargar algo? No dudes en ponerte en contacto con nosotros. [&hellip;]<\/p>\n","protected":false},"author":5,"featured_media":95288,"parent":0,"menu_order":0,"comment_status":"closed","ping_status":"closed","template":"page-template-blank.php","meta":{"_acf_changed":false,"_et_pb_use_builder":"on","_et_pb_old_content":"","_et_gb_content_width":"","footnotes":""},"class_list":["post-95295","page","type-page","status-publish","has-post-thumbnail","hentry"],"acf":[],"_links":{"self":[{"href":"https:\/\/about.seeyou-media.com\/es\/wp-json\/wp\/v2\/pages\/95295","targetHints":{"allow":["GET"]}}],"collection":[{"href":"https:\/\/about.seeyou-media.com\/es\/wp-json\/wp\/v2\/pages"}],"about":[{"href":"https:\/\/about.seeyou-media.com\/es\/wp-json\/wp\/v2\/types\/page"}],"author":[{"embeddable":true,"href":"https:\/\/about.seeyou-media.com\/es\/wp-json\/wp\/v2\/users\/5"}],"replies":[{"embeddable":true,"href":"https:\/\/about.seeyou-media.com\/es\/wp-json\/wp\/v2\/comments?post=95295"}],"version-history":[{"count":3,"href":"https:\/\/about.seeyou-media.com\/es\/wp-json\/wp\/v2\/pages\/95295\/revisions"}],"predecessor-version":[{"id":95325,"href":"https:\/\/about.seeyou-media.com\/es\/wp-json\/wp\/v2\/pages\/95295\/revisions\/95325"}],"wp:featuredmedia":[{"embeddable":true,"href":"https:\/\/about.seeyou-media.com\/es\/wp-json\/wp\/v2\/media\/95288"}],"wp:attachment":[{"href":"https:\/\/about.seeyou-media.com\/es\/wp-json\/wp\/v2\/media?parent=95295"}],"curies":[{"name":"wp","href":"https:\/\/api.w.org\/{rel}","templated":true}]}}